{"id":907,"date":"2022-09-28T19:35:33","date_gmt":"2022-09-28T17:35:33","guid":{"rendered":"https:\/\/vantubo.pl\/store\/?post_type=product&#038;p=907"},"modified":"2025-03-31T17:08:27","modified_gmt":"2025-03-31T15:08:27","slug":"ap2016","status":"publish","type":"product","link":"https:\/\/vantubo.pl\/store\/produkt\/ap2016\/","title":{"rendered":"V AP2016 Rura do wyd\u0142u\u017cania kana\u0142u"},"content":{"rendered":"<div data-line-height=\"1\">\n<div data-line-height=\"1\">\n<div data-line-height=\"1\"><b>AP2016 <\/b>(AP2011)<\/div>\n<div data-line-height=\"1\">Rura do wyd\u0142u\u017cania kana\u0142u<\/div>\n<div data-line-height=\"1\">D\u0142ugo\u015b\u0107: 100 cm<\/div>\n<div data-line-height=\"1\">RHINOCOMFORT, ECOCOMFORT 160, RECDUO 150, ECOCOMFORT SMART, SITALI<\/div>\n<\/div>\n<\/div>\n","protected":false},"excerpt":{"rendered":"<p>AP2016 (AP2011) Rura do wyd\u0142u\u017cania kana\u0142u D\u0142ugo\u015b\u0107: 100 cm RHINOCOMFORT, ECOCOMFORT 160, RECDUO 150, ECOCOMFORT SMART, SITALI<\/p>\n","protected":false},"featured_media":906,"template":"","meta":[],"product_brand":[],"product_cat":[18],"product_tag":[],"class_list":{"0":"post-907","1":"product","2":"type-product","3":"status-publish","4":"has-post-thumbnail","6":"product_cat-produkty","7":"product_shipping_class-mniejsze-paczki","8":"comments-off","10":"first","11":"instock","12":"shipping-taxable","13":"purchasable","14":"product-type-simple"},"_links":{"self":[{"href":"https:\/\/vantubo.pl\/store\/wp-json\/wp\/v2\/product\/907","targetHints":{"allow":["GET"]}}],"collection":[{"href":"https:\/\/vantubo.pl\/store\/wp-json\/wp\/v2\/product"}],"about":[{"href":"https:\/\/vantubo.pl\/store\/wp-json\/wp\/v2\/types\/product"}],"wp:featuredmedia":[{"embeddable":true,"href":"https:\/\/vantubo.pl\/store\/wp-json\/wp\/v2\/media\/906"}],"wp:attachment":[{"href":"https:\/\/vantubo.pl\/store\/wp-json\/wp\/v2\/media?parent=907"}],"wp:term":[{"taxonomy":"product_brand","embeddable":true,"href":"https:\/\/vantubo.pl\/store\/wp-json\/wp\/v2\/product_brand?post=907"},{"taxonomy":"product_cat","embeddable":true,"href":"https:\/\/vantubo.pl\/store\/wp-json\/wp\/v2\/product_cat?post=907"},{"taxonomy":"product_tag","embeddable":true,"href":"https:\/\/vantubo.pl\/store\/wp-json\/wp\/v2\/product_tag?post=907"}],"curies":[{"name":"wp","href":"https:\/\/api.w.org\/{rel}","templated":true}]}}