{"id":865,"date":"2022-09-01T19:41:49","date_gmt":"2022-09-01T17:41:49","guid":{"rendered":"https:\/\/vantubo.pl\/store\/?post_type=product&#038;p=865"},"modified":"2025-03-31T17:08:27","modified_gmt":"2025-03-31T15:08:27","slug":"b0620","status":"publish","type":"product","link":"https:\/\/vantubo.pl\/store\/produkt\/b0620\/","title":{"rendered":"U B0620"},"content":{"rendered":"<p>B0620 kabel grzewczy do odp\u0142ywu kondensatu<br \/>\nPolecany dla urz\u0105dze\u0144 u\u017cywanych w czasie<br \/>\ntemperatur zewn\u0119trznych poni\u017cej 0 stopni C.<br \/>\nMo\u017ce by\u0107 u\u017cywany do:<br \/>\nUNICO<\/p>\n","protected":false},"excerpt":{"rendered":"<p>B0620 kabel grzewczy do odp\u0142ywu kondensatu Polecany dla urz\u0105dze\u0144 u\u017cywanych w czasie temperatur zewn\u0119trznych poni\u017cej 0 stopni C. Mo\u017ce by\u0107<\/p>\n","protected":false},"featured_media":866,"template":"","meta":[],"product_brand":[],"product_cat":[18],"product_tag":[],"class_list":{"0":"post-865","1":"product","2":"type-product","3":"status-publish","4":"has-post-thumbnail","6":"product_cat-produkty","7":"product_shipping_class-mniejsze-paczki","8":"comments-off","10":"first","11":"instock","12":"shipping-taxable","13":"purchasable","14":"product-type-simple"},"_links":{"self":[{"href":"https:\/\/vantubo.pl\/store\/wp-json\/wp\/v2\/product\/865","targetHints":{"allow":["GET"]}}],"collection":[{"href":"https:\/\/vantubo.pl\/store\/wp-json\/wp\/v2\/product"}],"about":[{"href":"https:\/\/vantubo.pl\/store\/wp-json\/wp\/v2\/types\/product"}],"wp:featuredmedia":[{"embeddable":true,"href":"https:\/\/vantubo.pl\/store\/wp-json\/wp\/v2\/media\/866"}],"wp:attachment":[{"href":"https:\/\/vantubo.pl\/store\/wp-json\/wp\/v2\/media?parent=865"}],"wp:term":[{"taxonomy":"product_brand","embeddable":true,"href":"https:\/\/vantubo.pl\/store\/wp-json\/wp\/v2\/product_brand?post=865"},{"taxonomy":"product_cat","embeddable":true,"href":"https:\/\/vantubo.pl\/store\/wp-json\/wp\/v2\/product_cat?post=865"},{"taxonomy":"product_tag","embeddable":true,"href":"https:\/\/vantubo.pl\/store\/wp-json\/wp\/v2\/product_tag?post=865"}],"curies":[{"name":"wp","href":"https:\/\/api.w.org\/{rel}","templated":true}]}}