{"id":690,"date":"2022-05-02T19:38:25","date_gmt":"2022-05-02T17:38:25","guid":{"rendered":"https:\/\/vantubo.pl\/store\/?post_type=product&#038;p=690"},"modified":"2025-03-31T17:08:28","modified_gmt":"2025-03-31T15:08:28","slug":"ap1616w","status":"publish","type":"product","link":"https:\/\/vantubo.pl\/store\/produkt\/ap1616w\/","title":{"rendered":"N AP1616W Kratka zewn\u0119trzna"},"content":{"rendered":"<div data-line-height=\"1\"><b>AP1616W Kratka z os\u0142on\u0105 zewn\u0119trzn\u0105<\/b><\/div>\n<div data-line-height=\"1\">\n<div data-line-height=\"1\"><span style=\"font-size: 1.125rem;\">Panel chroni\u0105cy przed deszczem\/ wiatrem\/ ha\u0142asem do wszystkich modeli 160 mm<\/span><\/div>\n<\/div>\n","protected":false},"excerpt":{"rendered":"<p>AP1616W Kratka z os\u0142on\u0105 zewn\u0119trzn\u0105 Panel chroni\u0105cy przed deszczem\/ wiatrem\/ ha\u0142asem do wszystkich modeli 160 mm<\/p>\n","protected":false},"featured_media":685,"template":"","meta":[],"product_brand":[],"product_cat":[18],"product_tag":[],"class_list":{"0":"post-690","1":"product","2":"type-product","3":"status-publish","4":"has-post-thumbnail","6":"product_cat-produkty","7":"product_shipping_class-mniejsze-paczki","8":"comments-off","10":"first","11":"instock","12":"shipping-taxable","13":"purchasable","14":"product-type-simple"},"_links":{"self":[{"href":"https:\/\/vantubo.pl\/store\/wp-json\/wp\/v2\/product\/690","targetHints":{"allow":["GET"]}}],"collection":[{"href":"https:\/\/vantubo.pl\/store\/wp-json\/wp\/v2\/product"}],"about":[{"href":"https:\/\/vantubo.pl\/store\/wp-json\/wp\/v2\/types\/product"}],"wp:featuredmedia":[{"embeddable":true,"href":"https:\/\/vantubo.pl\/store\/wp-json\/wp\/v2\/media\/685"}],"wp:attachment":[{"href":"https:\/\/vantubo.pl\/store\/wp-json\/wp\/v2\/media?parent=690"}],"wp:term":[{"taxonomy":"product_brand","embeddable":true,"href":"https:\/\/vantubo.pl\/store\/wp-json\/wp\/v2\/product_brand?post=690"},{"taxonomy":"product_cat","embeddable":true,"href":"https:\/\/vantubo.pl\/store\/wp-json\/wp\/v2\/product_cat?post=690"},{"taxonomy":"product_tag","embeddable":true,"href":"https:\/\/vantubo.pl\/store\/wp-json\/wp\/v2\/product_tag?post=690"}],"curies":[{"name":"wp","href":"https:\/\/api.w.org\/{rel}","templated":true}]}}