{"id":1726,"date":"2025-01-22T21:54:55","date_gmt":"2025-01-22T20:54:55","guid":{"rendered":"https:\/\/vantubo.pl\/store\/?post_type=product&#038;p=1726"},"modified":"2025-03-31T17:08:26","modified_gmt":"2025-03-31T15:08:26","slug":"ap2018","status":"publish","type":"product","link":"https:\/\/vantubo.pl\/store\/produkt\/ap2018\/","title":{"rendered":"V AP2018 Rura do wyd\u0142u\u017cania kana\u0142u D150\/ 2 x 27 cm"},"content":{"rendered":"<div data-line-height=\"1\">\n<div data-line-height=\"1\">\n<div data-line-height=\"1\"><b>AP2018 <\/b><\/div>\n<div data-line-height=\"1\">Rura do wyd\u0142u\u017cania kana\u0142u<\/div>\n<div data-line-height=\"1\">D\u0142ugo\u015b\u0107: 2 x 27 cm = 54 cm<\/div>\n<div data-line-height=\"1\">mo\u017ce by\u0107 u\u017cyta do<\/div>\n<div data-line-height=\"1\">\n<div data-line-height=\"1\"><b>RECDUO 150<\/b><b>, ECOCOMFORT 160, SMART, SITALI, RHINOCOMFORT<\/b><\/div>\n<\/div>\n<div data-line-height=\"1\"><\/div>\n<\/div>\n<\/div>\n","protected":false},"excerpt":{"rendered":"<p>AP2018 Rura do wyd\u0142u\u017cania kana\u0142u D\u0142ugo\u015b\u0107: 2 x 27 cm = 54 cm mo\u017ce by\u0107 u\u017cyta do RECDUO 150, ECOCOMFORT<\/p>\n","protected":false},"featured_media":906,"template":"","meta":[],"product_brand":[],"product_cat":[18],"product_tag":[],"class_list":{"0":"post-1726","1":"product","2":"type-product","3":"status-publish","4":"has-post-thumbnail","6":"product_cat-produkty","7":"product_shipping_class-mniejsze-paczki","8":"comments-off","10":"first","11":"instock","12":"shipping-taxable","13":"purchasable","14":"product-type-simple"},"_links":{"self":[{"href":"https:\/\/vantubo.pl\/store\/wp-json\/wp\/v2\/product\/1726","targetHints":{"allow":["GET"]}}],"collection":[{"href":"https:\/\/vantubo.pl\/store\/wp-json\/wp\/v2\/product"}],"about":[{"href":"https:\/\/vantubo.pl\/store\/wp-json\/wp\/v2\/types\/product"}],"wp:featuredmedia":[{"embeddable":true,"href":"https:\/\/vantubo.pl\/store\/wp-json\/wp\/v2\/media\/906"}],"wp:attachment":[{"href":"https:\/\/vantubo.pl\/store\/wp-json\/wp\/v2\/media?parent=1726"}],"wp:term":[{"taxonomy":"product_brand","embeddable":true,"href":"https:\/\/vantubo.pl\/store\/wp-json\/wp\/v2\/product_brand?post=1726"},{"taxonomy":"product_cat","embeddable":true,"href":"https:\/\/vantubo.pl\/store\/wp-json\/wp\/v2\/product_cat?post=1726"},{"taxonomy":"product_tag","embeddable":true,"href":"https:\/\/vantubo.pl\/store\/wp-json\/wp\/v2\/product_tag?post=1726"}],"curies":[{"name":"wp","href":"https:\/\/api.w.org\/{rel}","templated":true}]}}