{"id":1348,"date":"2024-01-23T18:27:11","date_gmt":"2024-01-23T17:27:11","guid":{"rendered":"https:\/\/vantubo.pl\/store\/?post_type=product&#038;p=1348"},"modified":"2025-03-31T17:08:27","modified_gmt":"2025-03-31T15:08:27","slug":"kb201","status":"publish","type":"product","link":"https:\/\/vantubo.pl\/store\/produkt\/kb201\/","title":{"rendered":"V KB201 Filtr do ECOCOMFORT"},"content":{"rendered":"<div data-line-height=\"1\">\n<div data-line-height=\"1\"><b>KB201 filtr do ECOCOMFORT\u00a0<\/b><\/div>\n<div data-line-height=\"1\">\n<div data-line-height=\"1\"><span style=\"font-size: 1.125rem;\">Klasa G3\u00a0<\/span><\/div>\n<div data-line-height=\"1\">Mo\u017ce by\u0107 u\u017cyty do<\/div>\n<div data-line-height=\"1\"><strong>ECOCOMFORT 100, 160 <\/strong><\/div>\n<div data-line-height=\"1\"><strong>RHINOCOMFORT<\/strong><\/div>\n<\/div>\n<\/div>\n","protected":false},"excerpt":{"rendered":"<p>KB201 filtr do ECOCOMFORT\u00a0 Klasa G3\u00a0 Mo\u017ce by\u0107 u\u017cyty do ECOCOMFORT 100, 160 RHINOCOMFORT<\/p>\n","protected":false},"featured_media":1334,"template":"","meta":[],"product_brand":[],"product_cat":[18],"product_tag":[],"class_list":{"0":"post-1348","1":"product","2":"type-product","3":"status-publish","4":"has-post-thumbnail","6":"product_cat-produkty","7":"product_shipping_class-mniejsze-paczki","8":"comments-off","10":"first","11":"instock","12":"shipping-taxable","13":"purchasable","14":"product-type-simple"},"_links":{"self":[{"href":"https:\/\/vantubo.pl\/store\/wp-json\/wp\/v2\/product\/1348","targetHints":{"allow":["GET"]}}],"collection":[{"href":"https:\/\/vantubo.pl\/store\/wp-json\/wp\/v2\/product"}],"about":[{"href":"https:\/\/vantubo.pl\/store\/wp-json\/wp\/v2\/types\/product"}],"wp:featuredmedia":[{"embeddable":true,"href":"https:\/\/vantubo.pl\/store\/wp-json\/wp\/v2\/media\/1334"}],"wp:attachment":[{"href":"https:\/\/vantubo.pl\/store\/wp-json\/wp\/v2\/media?parent=1348"}],"wp:term":[{"taxonomy":"product_brand","embeddable":true,"href":"https:\/\/vantubo.pl\/store\/wp-json\/wp\/v2\/product_brand?post=1348"},{"taxonomy":"product_cat","embeddable":true,"href":"https:\/\/vantubo.pl\/store\/wp-json\/wp\/v2\/product_cat?post=1348"},{"taxonomy":"product_tag","embeddable":true,"href":"https:\/\/vantubo.pl\/store\/wp-json\/wp\/v2\/product_tag?post=1348"}],"curies":[{"name":"wp","href":"https:\/\/api.w.org\/{rel}","templated":true}]}}